{"id":3709,"date":"2021-12-12T12:08:53","date_gmt":"2021-12-12T20:08:53","guid":{"rendered":"https:\/\/www.churchoftheamericasla.com\/portal\/?page_id=3709"},"modified":"2025-12-15T13:46:41","modified_gmt":"2025-12-15T21:46:41","slug":"mas-que-un-ministerio-una-familia","status":"publish","type":"page","link":"https:\/\/www.churchoftheamericasla.com\/portal\/?page_id=3709&lang=en","title":{"rendered":"CHURCH OF THE AMERICAS"},"content":{"rendered":"\n<div class=\"wp-block-group alignfull has-white-color has-text-color has-background has-link-color wp-elements-edba529ecfd376ce8ac79f126f734116\" style=\"background:linear-gradient(268deg,rgb(255,219,109) 3%,rgb(143,21,0) 51%,rgb(0,0,0) 100%);margin-top:0;padding-top:48px;padding-right:48px;padding-bottom:48px;padding-left:48px\"><div class=\"wp-block-group__inner-container is-layout-constrained wp-container-core-group-is-layout-e5d34fb4 wp-block-group-is-layout-constrained\">\n<div style=\"height:34px;width:0px\" aria-hidden=\"true\" class=\"wp-block-spacer\"><\/div>\n\n\n\n<p class=\"has-text-align-left has-text-color\" style=\"color:#ccaf89;font-size:20px;font-style:normal;font-weight:700;letter-spacing:-1px;line-height:0.9;text-transform:lowercase\">Evento anual 2026<\/p>\n\n\n\n<div class=\"wp-block-group has-text-color has-link-color wp-elements-de7c44401de35096fd9ac73167f29af1\" style=\"color:#edddcc\"><div class=\"wp-block-group__inner-container is-layout-constrained wp-block-group-is-layout-constrained\">\n<p class=\"has-text-align-left has-text-color\" style=\"color:#edddcc;font-size:56px;font-style:normal;font-weight:800;letter-spacing:0px;line-height:0.9;text-transform:uppercase\"><br>forJANDO discipulos<\/p>\n\n\n\n<div style=\"height:40px\" aria-hidden=\"true\" class=\"wp-block-spacer\"><\/div>\n\n\n\n<p class=\"has-text-align-center has-text-color\" style=\"color:#d1ab99;font-size:32px;font-style:italic;font-weight:200;letter-spacing:0px;line-height:0.9;text-transform:uppercase\">febrero 1-4<\/p>\n\n\n\n<div style=\"height:75px\" aria-hidden=\"true\" class=\"wp-block-spacer\"><\/div>\n<\/div><\/div>\n\n\n\n<div class=\"wp-block-group is-vertical is-content-justification-stretch is-layout-flex wp-container-core-group-is-layout-d9786264 wp-block-group-is-layout-flex\">\n<p class=\"has-text-align-left has-text-color\" style=\"color:#edddcc;font-size:35px;font-style:normal;font-weight:700;letter-spacing:-2px;line-height:0.9;text-transform:uppercase\">Oradores<\/p>\n\n\n\n<div style=\"height:55px\" aria-hidden=\"true\" class=\"wp-block-spacer wp-container-content-0591978f\"><\/div>\n\n\n\n<div class=\"wp-block-group is-vertical is-content-justification-center is-layout-flex wp-container-core-group-is-layout-bc3d12e9 wp-block-group-is-layout-flex\">\n<figure class=\"wp-block-image size-full is-resized\"><img loading=\"lazy\" decoding=\"async\" width=\"910\" height=\"1011\" src=\"https:\/\/www.churchoftheamericasla.com\/portal\/wp-content\/uploads\/2025\/12\/rodolfo-rojas-red.png\" alt=\"\" class=\"wp-image-5362\" style=\"object-fit:cover;width:268px;height:auto\"\/><\/figure>\n\n\n\n<p class=\"has-text-align-left has-text-color\" style=\"color:#ccaf89;font-size:20px;font-style:normal;font-weight:700;letter-spacing:-1px;line-height:0.9;text-transform:capitalize\">Rodolfo Rojas<\/p>\n\n\n\n<div style=\"height:56px\" aria-hidden=\"true\" class=\"wp-block-spacer wp-container-content-93ed7744\"><\/div>\n\n\n\n<figure class=\"wp-block-image size-full is-resized\"><img loading=\"lazy\" decoding=\"async\" width=\"863\" height=\"946\" src=\"https:\/\/www.churchoftheamericasla.com\/portal\/wp-content\/uploads\/2025\/12\/manny-cabezudo-red-white2.png\" alt=\"\" class=\"wp-image-5364\" style=\"width:232px;height:auto\"\/><\/figure>\n\n\n\n<p class=\"has-text-align-left has-text-color\" style=\"color:#ccaf89;font-size:20px;font-style:normal;font-weight:700;letter-spacing:-1px;line-height:0.9;text-transform:capitalize\">Manny Cabezudo<\/p>\n\n\n\n<div style=\"height:55px\" aria-hidden=\"true\" class=\"wp-block-spacer wp-container-content-0591978f\"><\/div>\n\n\n\n<figure class=\"wp-block-image size-full is-resized\"><img loading=\"lazy\" decoding=\"async\" width=\"1067\" height=\"1217\" src=\"https:\/\/www.churchoftheamericasla.com\/portal\/wp-content\/uploads\/2025\/12\/narciso-hernandez-red.png\" alt=\"\" class=\"wp-image-5365\" style=\"width:201px;height:auto\" srcset=\"https:\/\/www.churchoftheamericasla.com\/portal\/wp-content\/uploads\/2025\/12\/narciso-hernandez-red.png 1067w, https:\/\/www.churchoftheamericasla.com\/portal\/wp-content\/uploads\/2025\/12\/narciso-hernandez-red-960x1095.png 960w\" sizes=\"auto, (max-width: 1067px) 100vw, 1067px\" \/><\/figure>\n\n\n\n<p class=\"has-text-color\" style=\"color:#ccaf89;font-size:20px;font-style:normal;font-weight:700;letter-spacing:-1px;line-height:0.9;text-transform:capitalize\">Narciso Hernandez<\/p>\n\n\n\n<div style=\"height:55px\" aria-hidden=\"true\" class=\"wp-block-spacer wp-container-content-0591978f\"><\/div>\n\n\n\n<figure class=\"wp-block-image size-full is-resized\"><img loading=\"lazy\" decoding=\"async\" width=\"763\" height=\"770\" src=\"https:\/\/www.churchoftheamericasla.com\/portal\/wp-content\/uploads\/2025\/12\/Marcelino-sojo-red.png\" alt=\"\" class=\"wp-image-5367\" style=\"width:201px;height:auto\" srcset=\"https:\/\/www.churchoftheamericasla.com\/portal\/wp-content\/uploads\/2025\/12\/Marcelino-sojo-red.png 763w, https:\/\/www.churchoftheamericasla.com\/portal\/wp-content\/uploads\/2025\/12\/Marcelino-sojo-red-64x64.png 64w, https:\/\/www.churchoftheamericasla.com\/portal\/wp-content\/uploads\/2025\/12\/Marcelino-sojo-red-96x96.png 96w\" sizes=\"auto, (max-width: 763px) 100vw, 763px\" \/><\/figure>\n\n\n\n<p class=\"has-text-color\" style=\"color:#ccaf89;font-size:20px;font-style:normal;font-weight:700;letter-spacing:-1px;line-height:0.9;text-transform:capitalize\">Marcelino Sojo<\/p>\n\n\n\n<div style=\"height:55px\" aria-hidden=\"true\" class=\"wp-block-spacer wp-container-content-0591978f\"><\/div>\n\n\n\n<figure class=\"wp-block-image size-full is-resized is-style-default\"><img loading=\"lazy\" decoding=\"async\" width=\"724\" height=\"736\" src=\"https:\/\/www.churchoftheamericasla.com\/portal\/wp-content\/uploads\/2025\/12\/erasmo-solis-red.png\" alt=\"\" class=\"wp-image-5366\" style=\"width:271px;height:auto\" srcset=\"https:\/\/www.churchoftheamericasla.com\/portal\/wp-content\/uploads\/2025\/12\/erasmo-solis-red.png 724w, https:\/\/www.churchoftheamericasla.com\/portal\/wp-content\/uploads\/2025\/12\/erasmo-solis-red-64x64.png 64w\" sizes=\"auto, (max-width: 724px) 100vw, 724px\" \/><\/figure>\n\n\n\n<p class=\"has-text-align-left o-typing-delay-1s has-text-color\" style=\"color:#ccaf89;font-size:20px;font-style:normal;font-weight:700;letter-spacing:-1px;line-height:0.9;text-transform:capitalize\">Erasmo Solis<\/p>\n<\/div>\n<\/div>\n\n\n\n<div style=\"height:199px;width:0px\" aria-hidden=\"true\" class=\"wp-block-spacer\"><\/div>\n\n\n\n<p class=\"has-text-align-left has-text-color\" style=\"color:#edddcc;font-size:35px;font-style:normal;font-weight:700;letter-spacing:-2px;line-height:0.9;text-transform:uppercase\">\u00bfDonde?<\/p>\n\n\n\n<div style=\"height:52px;width:0px\" aria-hidden=\"true\" class=\"wp-block-spacer\"><\/div>\n\n\n\n<p class=\"has-text-align-center has-text-color\" style=\"color:#ccaf89;font-size:25px;font-style:normal;font-weight:700;letter-spacing:-1px;line-height:0.9;text-transform:capitalize\"><a href=\"https:\/\/maps.apple.com\/?address=901%20Via%20San%20Clemente,%20Montebello,%20CA%2090640,%20United%20States&amp;auid=12645951864261963339&amp;ll=34.027655,-118.132119&amp;lsp=9902&amp;q=Quiet%20Cannon&amp;t=m\">901 Via San Clemente<br>Montebello, CA 90640<\/a><\/p>\n\n\n\n<div style=\"height:200px;width:0px\" aria-hidden=\"true\" class=\"wp-block-spacer\"><\/div>\n\n\n\n<p class=\"has-text-align-left has-text-color\" style=\"color:#edddcc;font-size:35px;font-style:normal;font-weight:700;letter-spacing:-2px;line-height:0.9;text-transform:uppercase\">\u00bfcuando?<\/p>\n\n\n\n<div style=\"height:50px;width:0px\" aria-hidden=\"true\" class=\"wp-block-spacer\"><\/div>\n\n\n\n<p class=\"has-text-align-center has-white-color has-text-color\" style=\"font-size:25px;font-style:normal;font-weight:700;letter-spacing:-1px;line-height:0.9;text-transform:capitalize\">Febrero 1-4<\/p>\n\n\n\n<div style=\"height:151px;width:0px\" aria-hidden=\"true\" class=\"wp-block-spacer\"><\/div>\n\n\n\n<div class=\"wp-block-group is-vertical is-content-justification-center is-layout-flex wp-container-core-group-is-layout-73a99bce wp-block-group-is-layout-flex\">\n<div class=\"wp-block-buttons is-content-justification-center is-layout-flex wp-container-core-buttons-is-layout-5e6b19ed wp-block-buttons-is-layout-flex\">\n<div class=\"wp-block-button has-custom-width wp-block-button__width-100 is-style-fill\"><a class=\"wp-block-button__link has-background has-custom-font-size wp-element-button\" href=\"https:\/\/www.churchoftheamericasla.com\/portal\/?page_id=5155&amp;lang=en\" style=\"border-radius:50px;background:linear-gradient(135deg,rgb(255,219,109) 13%,rgb(143,21,0) 47%,rgb(0,0,0) 83%);font-size:18px\">\u00a1Reserve su entrada aqui!<\/a><\/div>\n<\/div>\n\n\n\n<div style=\"height:92px\" aria-hidden=\"true\" class=\"wp-block-spacer wp-container-content-f2757e9e\"><\/div>\n\n\n\n<p class=\"has-text-align-center has-white-color has-text-color\" style=\"font-size:19px;font-style:normal;font-weight:600;letter-spacing:-1px;line-height:0.9;text-transform:capitalize\"><a href=\"https:\/\/www.churchoftheamericasla.com\/portal\/?page_id=5163&amp;lang=en\" data-type=\"link\" data-id=\"https:\/\/www.churchoftheamericasla.com\/portal\/?page_id=5163&amp;lang=en\">\u00a1<span style=\"text-decoration: underline;\">Ver Horarios<\/span>!<\/a><\/p>\n\n\n\n<div style=\"height:130px\" aria-hidden=\"true\" class=\"wp-block-spacer wp-container-content-11713b0c\"><\/div>\n<\/div>\n\n\n\n<h2 id=\"wp-block-themeisle-blocks-advanced-heading-ca31aea6\" class=\"wp-block-themeisle-blocks-advanced-heading wp-block-themeisle-blocks-advanced-heading-ca31aea6\">\u00a1Para m\u00e1s informaci\u00f3n s\u00edguenos en nuestras redes sociales!<\/h2>\n\n\n\n<div style=\"height:0px\" aria-hidden=\"true\" class=\"wp-block-spacer\"><\/div>\n\n\n\n<ul class=\"wp-block-social-links aligncenter is-content-justification-center is-layout-flex wp-container-core-social-links-is-layout-16018d1d wp-block-social-links-is-layout-flex\"><li class=\"wp-social-link wp-social-link-instagram  wp-block-social-link\"><a href=\"https:\/\/www.instagram.com\/churchoftheamericas?utm_source=ig_web_button_share_sheet&#038;igsh=ZDNlZDc0MzIxNw==\" class=\"wp-block-social-link-anchor\"><svg width=\"24\" height=\"24\" viewBox=\"0 0 24 24\" version=\"1.1\" xmlns=\"http:\/\/www.w3.org\/2000\/svg\" aria-hidden=\"true\" focusable=\"false\"><path d=\"M12,4.622c2.403,0,2.688,0.009,3.637,0.052c0.877,0.04,1.354,0.187,1.671,0.31c0.42,0.163,0.72,0.358,1.035,0.673 c0.315,0.315,0.51,0.615,0.673,1.035c0.123,0.317,0.27,0.794,0.31,1.671c0.043,0.949,0.052,1.234,0.052,3.637 s-0.009,2.688-0.052,3.637c-0.04,0.877-0.187,1.354-0.31,1.671c-0.163,0.42-0.358,0.72-0.673,1.035 c-0.315,0.315-0.615,0.51-1.035,0.673c-0.317,0.123-0.794,0.27-1.671,0.31c-0.949,0.043-1.233,0.052-3.637,0.052 s-2.688-0.009-3.637-0.052c-0.877-0.04-1.354-0.187-1.671-0.31c-0.42-0.163-0.72-0.358-1.035-0.673 c-0.315-0.315-0.51-0.615-0.673-1.035c-0.123-0.317-0.27-0.794-0.31-1.671C4.631,14.688,4.622,14.403,4.622,12 s0.009-2.688,0.052-3.637c0.04-0.877,0.187-1.354,0.31-1.671c0.163-0.42,0.358-0.72,0.673-1.035 c0.315-0.315,0.615-0.51,1.035-0.673c0.317-0.123,0.794-0.27,1.671-0.31C9.312,4.631,9.597,4.622,12,4.622 M12,3 C9.556,3,9.249,3.01,8.289,3.054C7.331,3.098,6.677,3.25,6.105,3.472C5.513,3.702,5.011,4.01,4.511,4.511 c-0.5,0.5-0.808,1.002-1.038,1.594C3.25,6.677,3.098,7.331,3.054,8.289C3.01,9.249,3,9.556,3,12c0,2.444,0.01,2.751,0.054,3.711 c0.044,0.958,0.196,1.612,0.418,2.185c0.23,0.592,0.538,1.094,1.038,1.594c0.5,0.5,1.002,0.808,1.594,1.038 c0.572,0.222,1.227,0.375,2.185,0.418C9.249,20.99,9.556,21,12,21s2.751-0.01,3.711-0.054c0.958-0.044,1.612-0.196,2.185-0.418 c0.592-0.23,1.094-0.538,1.594-1.038c0.5-0.5,0.808-1.002,1.038-1.594c0.222-0.572,0.375-1.227,0.418-2.185 C20.99,14.751,21,14.444,21,12s-0.01-2.751-0.054-3.711c-0.044-0.958-0.196-1.612-0.418-2.185c-0.23-0.592-0.538-1.094-1.038-1.594 c-0.5-0.5-1.002-0.808-1.594-1.038c-0.572-0.222-1.227-0.375-2.185-0.418C14.751,3.01,14.444,3,12,3L12,3z M12,7.378 c-2.552,0-4.622,2.069-4.622,4.622S9.448,16.622,12,16.622s4.622-2.069,4.622-4.622S14.552,7.378,12,7.378z M12,15 c-1.657,0-3-1.343-3-3s1.343-3,3-3s3,1.343,3,3S13.657,15,12,15z M16.804,6.116c-0.596,0-1.08,0.484-1.08,1.08 s0.484,1.08,1.08,1.08c0.596,0,1.08-0.484,1.08-1.08S17.401,6.116,16.804,6.116z\"><\/path><\/svg><span class=\"wp-block-social-link-label screen-reader-text\">Instagram<\/span><\/a><\/li>\n\n<li class=\"wp-social-link wp-social-link-facebook  wp-block-social-link\"><a href=\"https:\/\/www.facebook.com\/churchoftheamericas\" class=\"wp-block-social-link-anchor\"><svg width=\"24\" height=\"24\" viewBox=\"0 0 24 24\" version=\"1.1\" xmlns=\"http:\/\/www.w3.org\/2000\/svg\" aria-hidden=\"true\" focusable=\"false\"><path d=\"M12 2C6.5 2 2 6.5 2 12c0 5 3.7 9.1 8.4 9.9v-7H7.9V12h2.5V9.8c0-2.5 1.5-3.9 3.8-3.9 1.1 0 2.2.2 2.2.2v2.5h-1.3c-1.2 0-1.6.8-1.6 1.6V12h2.8l-.4 2.9h-2.3v7C18.3 21.1 22 17 22 12c0-5.5-4.5-10-10-10z\"><\/path><\/svg><span class=\"wp-block-social-link-label screen-reader-text\">Facebook<\/span><\/a><\/li><\/ul>\n<\/div><\/div>\n","protected":false},"excerpt":{"rendered":"<p>Evento anual 2026 forJANDO discipulos febrero 1-4 Oradores Rodolfo Rojas Manny Cabezudo Narciso Hernandez Marcelino Sojo Erasmo Solis \u00bfDonde? 901<\/p>\n<p><span class=\"more-link\"><a href=\"https:\/\/www.churchoftheamericasla.com\/portal\/?page_id=3709&#038;lang=en\" class=\"readmore\">Seguir leyendo<span class=\"screen-reader-text\">CHURCH OF THE AMERICAS<\/span><\/a><\/span><\/p>\n","protected":false},"author":4,"featured_media":0,"parent":0,"menu_order":0,"comment_status":"closed","ping_status":"closed","template":"","meta":{"_themeisle_gutenberg_block_has_review":false,"footnotes":""},"class_list":["post-3709","page","type-page","status-publish","hentry"],"jetpack_sharing_enabled":true,"_links":{"self":[{"href":"https:\/\/www.churchoftheamericasla.com\/portal\/index.php?rest_route=\/wp\/v2\/pages\/3709","targetHints":{"allow":["GET"]}}],"collection":[{"href":"https:\/\/www.churchoftheamericasla.com\/portal\/index.php?rest_route=\/wp\/v2\/pages"}],"about":[{"href":"https:\/\/www.churchoftheamericasla.com\/portal\/index.php?rest_route=\/wp\/v2\/types\/page"}],"author":[{"embeddable":true,"href":"https:\/\/www.churchoftheamericasla.com\/portal\/index.php?rest_route=\/wp\/v2\/users\/4"}],"replies":[{"embeddable":true,"href":"https:\/\/www.churchoftheamericasla.com\/portal\/index.php?rest_route=%2Fwp%2Fv2%2Fcomments&post=3709"}],"version-history":[{"count":388,"href":"https:\/\/www.churchoftheamericasla.com\/portal\/index.php?rest_route=\/wp\/v2\/pages\/3709\/revisions"}],"predecessor-version":[{"id":5370,"href":"https:\/\/www.churchoftheamericasla.com\/portal\/index.php?rest_route=\/wp\/v2\/pages\/3709\/revisions\/5370"}],"wp:attachment":[{"href":"https:\/\/www.churchoftheamericasla.com\/portal\/index.php?rest_route=%2Fwp%2Fv2%2Fmedia&parent=3709"}],"curies":[{"name":"wp","href":"https:\/\/api.w.org\/{rel}","templated":true}]}}