{"id":848,"date":"2016-06-15T17:50:56","date_gmt":"2016-06-15T17:50:56","guid":{"rendered":"http:\/\/churchoftheamericasla.com\/portal\/?page_id=848"},"modified":"2021-12-29T23:19:24","modified_gmt":"2021-12-30T07:19:24","slug":"lema-del-ministerio","status":"publish","type":"page","link":"https:\/\/www.churchoftheamericasla.com\/portal\/?page_id=848&lang=en","title":{"rendered":"Lema del Ministerio"},"content":{"rendered":"<p style=\"text-align: center;\"><span style=\"color: #ffffff;\"><u>Jehov\u00e1 NISSI (Mi Bandera)<\/u><\/span><\/p>\n<p style=\"text-align: center;\"><span style=\"color: #ffffff;\">\u00c9xodo 17:15<\/span><\/p>\n<p style=\"text-align: center;\"><span style=\"color: #ffffff;\"><strong><u>Iglesia de las Am\u00e9ricas<\/u><\/strong>:<\/span><\/p>\n<p style=\"text-align: center;\"><span style=\"color: #ffffff;\">Somos, la Generaci\u00f3n, que Dios ha levantado para este tiempo,<\/span><\/p>\n<p style=\"text-align: center;\"><span style=\"color: #ffffff;\">Por ello necesito, prepararme en todas las \u00e1reas de mi vida que Son:<\/span><\/p>\n<p style=\"text-align: center;\"><span style=\"color: #ffffff;\"><u>Espiritual, Emocional, Intelectual, f\u00edsico y social.<\/u><\/span><\/p>\n<p style=\"text-align: center;\"><span style=\"color: #ffffff;\"><strong><u>En Jes\u00fas<\/u><\/strong>, encontr\u00e9 sentido y Prop\u00f3sito a mi vida,<\/span><\/p>\n<p style=\"text-align: center;\"><span style=\"color: #ffffff;\">y ahora\u00a0 s\u00e9 <u>quien soy<\/u>, donde estoy y hacia d\u00f3nde voy.<\/span><\/p>\n<p style=\"text-align: center;\"><span style=\"color: #ffffff;\">Fui, dise\u00f1ado, creado y Redimido por Jes\u00fas,<\/span><\/p>\n<p style=\"text-align: center;\"><span style=\"color: #ffffff;\">Su Gracia Me alcanzo, por que EL me ama.<\/span><\/p>\n<p style=\"text-align: center;\"><span style=\"color: #ffffff;\"><strong><u>La Biblia<\/u><\/strong><strong><u>:<\/u><\/strong><\/span><\/p>\n<p style=\"text-align: center;\"><span style=\"color: #ffffff;\"><u>\u00a0<\/u><u>Es la voz, Espada y la Gu\u00eda<\/u>, que me Exhorta, consuela y edifica,<\/span><\/p>\n<p style=\"text-align: center;\"><span style=\"color: #ffffff;\">hasta poder cumplir, el prop\u00f3sito de Dios en Mi Vida.<\/span><\/p>\n<p style=\"text-align: center;\"><span style=\"color: #ffffff;\">Yo hago, lo que la Biblia dice que puedo hacer<\/span><\/p>\n<p style=\"text-align: center;\"><span style=\"color: #ffffff;\">Yo tomo, lo que la Biblia dice que puedo tomar<\/span><\/p>\n<p style=\"text-align: center;\"><span style=\"color: #ffffff;\">Yo confieso, lo que la Biblia dice que puedo confesar.<\/span><\/p>\n<p style=\"text-align: center;\"><span style=\"color: #ffffff;\">En Jes\u00fas, encontr\u00e9 una<u>: Misi\u00f3n, Visi\u00f3n y Estrategia:<\/u><\/span><\/p>\n<p style=\"text-align: center;\"><span style=\"color: #ffffff;\"><strong><u>MISION<\/u><\/strong><strong><u>:<\/u><\/strong><\/span><\/p>\n<p style=\"text-align: center;\"><span style=\"color: #ffffff;\">Anunciar, las Buenas nuevas de Salvaci\u00f3n, Que Jes\u00fas, Nos redimio y bendijo, para bendecir a otros, y Hacer de cada persona un Disc\u00edpulo y formar el Car\u00e1cter de Cristo En \u00c9l o Ella.<\/span><\/p>\n<p style=\"text-align: center;\"><span style=\"color: #ffffff;\"><strong><u>VISION<\/u><\/strong><strong><u>:<\/u><\/strong><\/span><\/p>\n<p style=\"text-align: center;\"><span style=\"color: #ffffff;\">Ganar, Consolidar, Discipular y Enviar.<\/span><\/p>\n<p style=\"text-align: center;\"><span style=\"color: #ffffff;\"><strong><u>Estrategia:<\/u><\/strong><\/span><\/p>\n<p style=\"text-align: center;\"><span style=\"color: #ffffff;\">Seguir, Paso a Paso, Cada Proceso, Con un objetivo definido, que me lleve al cumplimiento, de cada una de las Promesas de Dios, a mi Vida, Familia Y Ministerio. Que Dios, cumpla su prop\u00f3sito en Mi, Y a trav\u00e9s de Mi, Con un Coraz\u00f3n apasionado, y un o\u00eddo sintonizado a la voz de Dios, para establecer su Reino aqu\u00ed en la Tierra.<\/span><\/p>\n<p style=\"text-align: center;\"><span style=\"color: #ffffff;\">Mis Mejores d\u00edas, meses y a\u00f1os est\u00e1n por venir.<\/span><\/p>\n<p style=\"text-align: center;\"><span style=\"color: #ffffff;\">Y las circunstancias no cambiaran mi prop\u00f3sito.<\/span><\/p>\n<p style=\"text-align: center;\"><span style=\"color: #ffffff;\">Lo Sue\u00f1o, Lo creo, y veo cumplido en m\u00ed y mis Generaciones.<\/span><\/p>\n<p style=\"text-align: center;\"><span style=\"color: #ffffff;\"><u>C.O.T.A UNITED<\/u><u>:\u00a0<\/u><u>\u00a0<\/u><u>Mas que un Ministerio, una familia. Genesis 12:2,3<\/u><\/span><\/p>\n","protected":false},"excerpt":{"rendered":"<p>Jehov\u00e1 NISSI (Mi Bandera) \u00c9xodo 17:15 Iglesia de las Am\u00e9ricas: Somos, la Generaci\u00f3n, que Dios ha levantado para este tiempo,<\/p>\n<p><span class=\"more-link\"><a href=\"https:\/\/www.churchoftheamericasla.com\/portal\/?page_id=848&#038;lang=en\" class=\"readmore\">Seguir leyendo<span class=\"screen-reader-text\">Lema del Ministerio<\/span><\/a><\/span><\/p>\n","protected":false},"author":1,"featured_media":3324,"parent":840,"menu_order":0,"comment_status":"closed","ping_status":"closed","template":"","meta":{"_themeisle_gutenberg_block_has_review":false,"footnotes":""},"class_list":["post-848","page","type-page","status-publish","has-post-thumbnail","hentry"],"jetpack_sharing_enabled":true,"_links":{"self":[{"href":"https:\/\/www.churchoftheamericasla.com\/portal\/index.php?rest_route=\/wp\/v2\/pages\/848","targetHints":{"allow":["GET"]}}],"collection":[{"href":"https:\/\/www.churchoftheamericasla.com\/portal\/index.php?rest_route=\/wp\/v2\/pages"}],"about":[{"href":"https:\/\/www.churchoftheamericasla.com\/portal\/index.php?rest_route=\/wp\/v2\/types\/page"}],"author":[{"embeddable":true,"href":"https:\/\/www.churchoftheamericasla.com\/portal\/index.php?rest_route=\/wp\/v2\/users\/1"}],"replies":[{"embeddable":true,"href":"https:\/\/www.churchoftheamericasla.com\/portal\/index.php?rest_route=%2Fwp%2Fv2%2Fcomments&post=848"}],"version-history":[{"count":21,"href":"https:\/\/www.churchoftheamericasla.com\/portal\/index.php?rest_route=\/wp\/v2\/pages\/848\/revisions"}],"predecessor-version":[{"id":3793,"href":"https:\/\/www.churchoftheamericasla.com\/portal\/index.php?rest_route=\/wp\/v2\/pages\/848\/revisions\/3793"}],"up":[{"embeddable":true,"href":"https:\/\/www.churchoftheamericasla.com\/portal\/index.php?rest_route=\/wp\/v2\/pages\/840"}],"wp:featuredmedia":[{"embeddable":true,"href":"https:\/\/www.churchoftheamericasla.com\/portal\/index.php?rest_route=\/wp\/v2\/media\/3324"}],"wp:attachment":[{"href":"https:\/\/www.churchoftheamericasla.com\/portal\/index.php?rest_route=%2Fwp%2Fv2%2Fmedia&parent=848"}],"curies":[{"name":"wp","href":"https:\/\/api.w.org\/{rel}","templated":true}]}}